{"id":2889,"date":"2019-04-12T03:30:07","date_gmt":"2019-04-12T01:30:07","guid":{"rendered":"http:\/\/oxywater.sk\/?page_id=2889"},"modified":"2019-04-12T03:39:28","modified_gmt":"2019-04-12T01:39:28","slug":"shop","status":"publish","type":"page","link":"https:\/\/oxyaddict.eu\/oxywater\/shop\/","title":{"rendered":"Shop"},"content":{"rendered":"<p>[vc_row][vc_column]<div class=\"woodmart-products-element\"><div class=\"products elements-grid align-items-start row woodmart-products-holder  woodmart-spacing- grid-columns-4 pagination- title-line-\" data-paged=\"1\" data-atts=\"{&quot;element_title&quot;:&quot;&quot;,&quot;post_type&quot;:&quot;product&quot;,&quot;layout&quot;:&quot;grid&quot;,&quot;include&quot;:&quot;&quot;,&quot;custom_query&quot;:&quot;&quot;,&quot;taxonomies&quot;:&quot;&quot;,&quot;pagination&quot;:&quot;&quot;,&quot;items_per_page&quot;:12,&quot;product_hover&quot;:&quot;base&quot;,&quot;spacing&quot;:&quot;&quot;,&quot;columns&quot;:&quot;4&quot;,&quot;sale_countdown&quot;:&quot;0&quot;,&quot;stock_progress_bar&quot;:&quot;0&quot;,&quot;highlighted_products&quot;:&quot;0&quot;,&quot;products_bordered_grid&quot;:&quot;0&quot;,&quot;offset&quot;:&quot;&quot;,&quot;orderby&quot;:&quot;&quot;,&quot;query_type&quot;:&quot;OR&quot;,&quot;order&quot;:&quot;&quot;,&quot;meta_key&quot;:&quot;&quot;,&quot;exclude&quot;:&quot;&quot;,&quot;class&quot;:&quot;&quot;,&quot;ajax_page&quot;:&quot;&quot;,&quot;speed&quot;:&quot;5000&quot;,&quot;slides_per_view&quot;:&quot;4&quot;,&quot;wrap&quot;:&quot;&quot;,&quot;autoplay&quot;:&quot;no&quot;,&quot;center_mode&quot;:&quot;no&quot;,&quot;hide_pagination_control&quot;:&quot;&quot;,&quot;hide_prev_next_buttons&quot;:&quot;&quot;,&quot;scroll_per_page&quot;:&quot;yes&quot;,&quot;carousel_js_inline&quot;:&quot;no&quot;,&quot;img_size&quot;:&quot;woocommerce_thumbnail&quot;,&quot;force_not_ajax&quot;:&quot;no&quot;,&quot;products_masonry&quot;:&quot;&quot;,&quot;products_different_sizes&quot;:&quot;&quot;,&quot;lazy_loading&quot;:&quot;no&quot;,&quot;scroll_carousel_init&quot;:&quot;no&quot;,&quot;el_class&quot;:&quot;&quot;}\" data-source=\"shortcode\"><div class=\"product-grid-item product without-stars product-no-swatches quick-view-off woodmart-hover-base  col-6 col-sm-4 col-md-3 col-lg-3 first  product-in-grid type-product post-4233 status-publish first instock product_cat-produkty has-post-thumbnail taxable shipping-taxable purchasable product-type-simple\" data-loop=\"1\" data-id=\"4233\">\n\n\t\n<div class=\"product-wrapper\">\n\t<div class=\"content-product-imagin\"><\/div>\n\t<div class=\"product-element-top\">\n\t\t<a href=\"https:\/\/oxyaddict.eu\/oxywater\/produkt\/oxy-water-2-0-medical\/\" class=\"product-image-link\">\n\t\t\t<img loading=\"lazy\" decoding=\"async\" width=\"300\" height=\"300\" src=\"https:\/\/oxyaddict.eu\/oxywater\/wp-content\/uploads\/2023\/06\/oxywater_new-300x300.jpeg\" class=\"attachment-woocommerce_thumbnail size-woocommerce_thumbnail\" alt=\"\" srcset=\"https:\/\/oxyaddict.eu\/oxywater\/wp-content\/uploads\/2023\/06\/oxywater_new-300x300.jpeg 300w, https:\/\/oxyaddict.eu\/oxywater\/wp-content\/uploads\/2023\/06\/oxywater_new-1024x1024.jpeg 1024w, https:\/\/oxyaddict.eu\/oxywater\/wp-content\/uploads\/2023\/06\/oxywater_new-150x150.jpeg 150w, https:\/\/oxyaddict.eu\/oxywater\/wp-content\/uploads\/2023\/06\/oxywater_new-768x768.jpeg 768w, https:\/\/oxyaddict.eu\/oxywater\/wp-content\/uploads\/2023\/06\/oxywater_new-1536x1536.jpeg 1536w, https:\/\/oxyaddict.eu\/oxywater\/wp-content\/uploads\/2023\/06\/oxywater_new-2048x2048.jpeg 2048w, https:\/\/oxyaddict.eu\/oxywater\/wp-content\/uploads\/2023\/06\/oxywater_new-600x600.jpeg 600w, https:\/\/oxyaddict.eu\/oxywater\/wp-content\/uploads\/2023\/06\/oxywater_new-100x100.jpeg 100w\" sizes=\"(max-width: 300px) 100vw, 300px\" \/>\t\t<\/a>\n\t\t\t\t<div class=\"wrapp-swatches\"><\/div>\n\t\t\t\t\t<div class=\"quick-shop-wrapper\">\n\t\t\t\t<div class=\"quick-shop-close\"><span>Close<\/span><\/div>\n\t\t\t\t<div class=\"quick-shop-form\">\n\t\t\t\t<\/div>\n\t\t\t<\/div>\n\t\t\t<\/div>\n\n\t<div class=\"product-information\">\n\t\t<h3 class=\"product-title\"><a href=\"https:\/\/oxyaddict.eu\/oxywater\/produkt\/oxy-water-2-0-medical\/\">Oxy Water 2.0 Medical<\/a><\/h3>\t\t\t\t<div class=\"product-rating-price\">\n\t\t\t<div class=\"wrapp-product-price\">\n\t\t\t\t\n\t<span class=\"price\"><span class=\"woocommerce-Price-amount amount\"><bdi><span class=\"woocommerce-Price-currencySymbol\">&euro;<\/span>2.99<\/bdi><\/span> <small class=\"woocommerce-price-suffix\">s DPH (<span class=\"woocommerce-Price-amount amount\"><bdi><span class=\"woocommerce-Price-currencySymbol\">&euro;<\/span>2.49<\/bdi><\/span> bez DPH)<\/small><\/span>\n\t\t\t<\/div>\n\t\t<\/div>\n\t\t<div class=\"fade-in-block\">\n\t\t\t<div class=\"hover-content\">\n\t\t\t\t<div class=\"hover-content-inner\">\n\t\t\t\t\t\t\t\t\t<\/div>\n\t\t\t<\/div>\n\t\t\t<div class=\"woodmart-buttons\">\n\t\t\t\t<div class=\"wrap-wishlist-button\"><\/div>\n\t\t\t\t<div class=\"woodmart-add-btn\"><a href=\"?add-to-cart=4233\" data-quantity=\"1\" class=\"button product_type_simple add_to_cart_button ajax_add_to_cart add-to-cart-loop\" data-product_id=\"4233\" data-product_sku=\"0205-1-2\" aria-label=\"Add to cart: &ldquo;Oxy Water 2.0 Medical&rdquo;\" aria-describedby=\"\" rel=\"nofollow\"><span>Prida\u0165 do ko\u0161\u00edka<\/span><\/a><\/div>\n\t\t\t\t<div class=\"wrap-quickview-button\"><\/div>\n\t\t\t<\/div>\n\t\t\t\t\t\t\n\t\t\t\t\t<\/div>\n\t<\/div>\n<\/div>\n\n<\/div>\t\n<div class=\"product-grid-item product without-stars product-no-swatches quick-view-off woodmart-hover-base  col-6 col-sm-4 col-md-3 col-lg-3 product-in-grid type-product post-4234 status-publish instock product_cat-produkty has-post-thumbnail sale taxable shipping-taxable purchasable product-type-simple\" data-loop=\"2\" data-id=\"4234\">\n\n\t\n<div class=\"product-wrapper\">\n\t<div class=\"content-product-imagin\"><\/div>\n\t<div class=\"product-element-top\">\n\t\t<a href=\"https:\/\/oxyaddict.eu\/oxywater\/produkt\/oxy-water-2-0-medical-kyslikova-voda-neochutena-24-x-250-ml\/\" class=\"product-image-link\">\n\t\t\t<div class=\"product-labels labels-\"><span class=\"onsale product-label\">Sale<\/span><\/div><img loading=\"lazy\" decoding=\"async\" width=\"300\" height=\"300\" src=\"https:\/\/oxyaddict.eu\/oxywater\/wp-content\/uploads\/2023\/06\/6x4oxywater_new-1-300x300.jpeg\" class=\"attachment-woocommerce_thumbnail size-woocommerce_thumbnail\" alt=\"\" srcset=\"https:\/\/oxyaddict.eu\/oxywater\/wp-content\/uploads\/2023\/06\/6x4oxywater_new-1-300x300.jpeg 300w, https:\/\/oxyaddict.eu\/oxywater\/wp-content\/uploads\/2023\/06\/6x4oxywater_new-1-1024x1024.jpeg 1024w, https:\/\/oxyaddict.eu\/oxywater\/wp-content\/uploads\/2023\/06\/6x4oxywater_new-1-150x150.jpeg 150w, https:\/\/oxyaddict.eu\/oxywater\/wp-content\/uploads\/2023\/06\/6x4oxywater_new-1-768x768.jpeg 768w, https:\/\/oxyaddict.eu\/oxywater\/wp-content\/uploads\/2023\/06\/6x4oxywater_new-1-1536x1536.jpeg 1536w, https:\/\/oxyaddict.eu\/oxywater\/wp-content\/uploads\/2023\/06\/6x4oxywater_new-1-2048x2048.jpeg 2048w, https:\/\/oxyaddict.eu\/oxywater\/wp-content\/uploads\/2023\/06\/6x4oxywater_new-1-600x600.jpeg 600w, https:\/\/oxyaddict.eu\/oxywater\/wp-content\/uploads\/2023\/06\/6x4oxywater_new-1-100x100.jpeg 100w\" sizes=\"(max-width: 300px) 100vw, 300px\" \/>\t\t<\/a>\n\t\t\t\t<div class=\"wrapp-swatches\"><\/div>\n\t\t\t\t\t<div class=\"quick-shop-wrapper\">\n\t\t\t\t<div class=\"quick-shop-close\"><span>Close<\/span><\/div>\n\t\t\t\t<div class=\"quick-shop-form\">\n\t\t\t\t<\/div>\n\t\t\t<\/div>\n\t\t\t<\/div>\n\n\t<div class=\"product-information\">\n\t\t<h3 class=\"product-title\"><a href=\"https:\/\/oxyaddict.eu\/oxywater\/produkt\/oxy-water-2-0-medical-kyslikova-voda-neochutena-24-x-250-ml\/\">Oxy Water 2.0 Medical, kysl\u00edkov\u00e1 voda, neochuten\u00e1 24 x 250 ml<\/a><\/h3>\t\t\t\t<div class=\"product-rating-price\">\n\t\t\t<div class=\"wrapp-product-price\">\n\t\t\t\t\n\t<span class=\"price\"><del aria-hidden=\"true\"><span class=\"woocommerce-Price-amount amount\"><bdi><span class=\"woocommerce-Price-currencySymbol\">&euro;<\/span>71.76<\/bdi><\/span><\/del> <ins><span class=\"woocommerce-Price-amount amount\"><bdi><span class=\"woocommerce-Price-currencySymbol\">&euro;<\/span>59.99<\/bdi><\/span><\/ins> <small class=\"woocommerce-price-suffix\">s DPH (<span class=\"woocommerce-Price-amount amount\"><bdi><span class=\"woocommerce-Price-currencySymbol\">&euro;<\/span>49.99<\/bdi><\/span> bez DPH)<\/small><\/span>\n\t\t\t<\/div>\n\t\t<\/div>\n\t\t<div class=\"fade-in-block\">\n\t\t\t<div class=\"hover-content\">\n\t\t\t\t<div class=\"hover-content-inner\">\n\t\t\t\t\t\t\t\t\t<\/div>\n\t\t\t<\/div>\n\t\t\t<div class=\"woodmart-buttons\">\n\t\t\t\t<div class=\"wrap-wishlist-button\"><\/div>\n\t\t\t\t<div class=\"woodmart-add-btn\"><a href=\"?add-to-cart=4234\" data-quantity=\"1\" class=\"button product_type_simple add_to_cart_button ajax_add_to_cart add-to-cart-loop\" data-product_id=\"4234\" data-product_sku=\"0205-1-1\" aria-label=\"Add to cart: &ldquo;Oxy Water 2.0 Medical, kysl\u00edkov\u00e1 voda, neochuten\u00e1 24 x 250 ml&rdquo;\" aria-describedby=\"\" rel=\"nofollow\"><span>Prida\u0165 do ko\u0161\u00edka<\/span><\/a><\/div>\n\t\t\t\t<div class=\"wrap-quickview-button\"><\/div>\n\t\t\t<\/div>\n\t\t\t\t\t\t\n\t\t\t\t\t<\/div>\n\t<\/div>\n<\/div>\n\n<\/div>\t\n<\/div><\/div>[\/vc_column][\/vc_row]<\/p>\n","protected":false},"excerpt":{"rendered":"<p>[vc_row][vc_column][\/vc_column][\/vc_row]<\/p>\n","protected":false},"author":1,"featured_media":0,"parent":0,"menu_order":0,"comment_status":"closed","ping_status":"closed","template":"","meta":{"footnotes":""},"_links":{"self":[{"href":"https:\/\/oxyaddict.eu\/oxywater\/wp-json\/wp\/v2\/pages\/2889"}],"collection":[{"href":"https:\/\/oxyaddict.eu\/oxywater\/wp-json\/wp\/v2\/pages"}],"about":[{"href":"https:\/\/oxyaddict.eu\/oxywater\/wp-json\/wp\/v2\/types\/page"}],"author":[{"embeddable":true,"href":"https:\/\/oxyaddict.eu\/oxywater\/wp-json\/wp\/v2\/users\/1"}],"replies":[{"embeddable":true,"href":"https:\/\/oxyaddict.eu\/oxywater\/wp-json\/wp\/v2\/comments?post=2889"}],"version-history":[{"count":0,"href":"https:\/\/oxyaddict.eu\/oxywater\/wp-json\/wp\/v2\/pages\/2889\/revisions"}],"wp:attachment":[{"href":"https:\/\/oxyaddict.eu\/oxywater\/wp-json\/wp\/v2\/media?parent=2889"}],"curies":[{"name":"wp","href":"https:\/\/api.w.org\/{rel}","templated":true}]}}