{"id":4234,"date":"2023-06-21T12:37:19","date_gmt":"2023-06-21T10:37:19","guid":{"rendered":"https:\/\/oxywater.sk\/produkt\/import-placeholder-for-1921\/"},"modified":"2023-08-07T16:41:06","modified_gmt":"2023-08-07T14:41:06","slug":"oxy-water-2-0-medical-kyslikova-voda-neochutena-24-x-250-ml","status":"publish","type":"product","link":"https:\/\/oxyaddict.eu\/oxywater\/produkt\/oxy-water-2-0-medical-kyslikova-voda-neochutena-24-x-250-ml\/","title":{"rendered":"Oxy Water 2.0 Medical, kysl\u00edkov\u00e1 voda, neochuten\u00e1 24 x 250 ml"},"content":{"rendered":"<p><span style=\"color: #003366;\"><strong style=\"font-size: 15px;\">Oxy Water 2.0 Medical je neperliv\u00e1 kysl\u00edkov\u00e1 voda s obsahom kysl\u00edka 100mg\/l<\/strong><\/span><\/p>\n<p><span style=\"color: #003366;\"><strong>Objem 24 x 250ml<\/strong><\/span><\/p>\n<p>&nbsp;<\/p>\n<p><strong><span style=\"color: #003366;\">Oxy water 2.0 medical je novinka revolu\u010dnej kysl\u00edkovej vody Oxy water. Na obohatenie n\u00edzkomineralizovanej vody prin\u00e1\u0161a a\u017e\u00a0 100mg \/l kysl\u00edka namiesto vo vode be\u017en\u00fdch 9 mg \/l . Bez chemick\u00fdch stimulantov \u010di cukrov prin\u00e1\u0161a mno\u017estvo benefitov.<\/span><\/strong><\/p>\n<p>&nbsp;<\/p>\n<p><strong><span style=\"color: #003366;\">Energia len z prirodzen\u00e9ho zdroja \u2013 z vysoko koncentrovan\u00e9ho kysl\u00edka<\/span><\/strong><\/p>\n<p>&nbsp;<\/p>\n<p><strong><span style=\"color: #003366;\">Voda a kysl\u00edk s\u00fa najd\u00f4le\u017eitej\u0161ie prvky na Zemi. Bez kysl\u00edka nie je \u017eivot. Be\u017en\u00e1 voda obsahuje cca 7 mg\/l kysl\u00edka. Oxy water 2.0 medical obsahuje minim\u00e1lne 100 mg kysl\u00edka\/l. Pom\u00e1ha okam\u017eite zv\u00fd\u0161i\u0165 satur\u00e1ciu kysl\u00edka na norm\u00e1lne hodnoty. Merate\u013en\u00e9 s oxymetrom s\u00fa u\u017e po 10 min\u00fatach od vypitia. Hodnoty dr\u017e\u00ed a\u017e 4 hodiny. Dod\u00e1 ihne\u010f ment\u00e1lnu koncentr\u00e1ciu, zahoj\u00ed hlasivky, z\u00e1paly zvn\u00fatra aj zvonka. Nezvy\u0161uje tlak ani nervozitu ako energetick\u00e9 n\u00e1poje. Pom\u00e1ha pri odstra\u0148ovan\u00ed povlaku na zuboch po vypit\u00ed k\u00e1vy \u010di farebn\u00fdch n\u00e1pojov. Nenahradite\u013en\u00e1 pri za\u010diatkoch migr\u00e9ny \u2013 vypi\u0165 2 plechovky za sebou a na regener\u00e1ciu po chorobe. Neza\u0165a\u017euje \u017eal\u00fadok, nespoma\u013euje pri r\u00fdchlostn\u00fdch \u0161portoch.<\/span><\/strong><\/p>\n<p><strong><span style=\"color: #003366;\">Doporu\u010den\u00e9 u\u017e\u00edvanie:<\/span><\/strong><\/p>\n<p><strong><span style=\"color: #003366;\">Zdrav\u00e1 osoba 1 x denne v r\u00e1mci pitn\u00e9ho re\u017eimu<\/span><\/strong><br \/>\n<strong><span style=\"color: #003366;\">\u0160portovci na zv\u00fd\u0161enie satur\u00e1cie 1x po\u010das tr\u00e9ningu na zv\u00fd\u0161enie v\u00fdkonu (neza\u0165a\u017euje) a 1x 250 ml po tr\u00e9ningu na regener\u00e1ciu<\/span><\/strong><br \/>\n<strong><span style=\"color: #003366;\">Osoby vy\u010derpan\u00e9, so z\u00e1palov\u00fdmi procesmi, onkologick\u00ed pacienti s n\u00edzkou satur\u00e1ciu kysl\u00edka v krvi, sp\u00e1len\u00fdmi sliznicami 2 -3 x denne.<\/span><\/strong><\/p>\n<p>&nbsp;<\/p>\n<p><strong><span style=\"color: #003366;\">Zn\u00e1me benefity vysoko koncentrovan\u00e9ho kysl\u00edka, ktor\u00e9 m\u00f4\u017eete poc\u00edti\u0165:<\/span><\/strong><\/p>\n<p><strong><span style=\"color: #003366;\">\u2022 Prirodzen\u00e1 energia: Oxy water 2.0 medical obsahuje 12x viac kysl\u00edka ako v pitnej vode<\/span><\/strong><br \/>\n<strong><span style=\"color: #003366;\">\u2022 Zn\u00ed\u017eenie bolesti pri migr\u00e9ne \u2013 hne\u010f pri prv\u00fdch pr\u00edznakoch vypite 2 d\u00e1vky Oxy water<\/span><\/strong><br \/>\n<strong><span style=\"color: #003366;\">\u2022 Lep\u0161ie s\u00fastredenie pri pr\u00e1ci<\/span><\/strong><br \/>\n<strong><span style=\"color: #003366;\">\u2022 Koncentr\u00e1cia: v\u010faka okysli\u010deniu mozgu bez prehnan\u00e9ho rozru\u0161enia a n\u00e1sledn\u00e9ho prudk\u00e9ho p\u00e1du koncentr\u00e1cie ako pri energetick\u00fdch n\u00e1pojoch<\/span><\/strong><br \/>\n<strong><span style=\"color: #003366;\">\u2022 \u0160port v\u00fdhoda: \u013dahkost v \u017eal\u00fadku v\u010faka kysl\u00edku. Neza\u0165a\u017euje a nespoma\u013euje , zabra\u0148uje uvo\u013e\u0148ovaniu kyseliny mlie\u010dnej do svalstva<\/span><\/strong><br \/>\n<strong><span style=\"color: #003366;\">\u2022 Protiz\u00e1palov\u00fd \u00fa\u010dinok \u2013 typick\u00fa, a\u017e steriln\u00fa chu\u0165 poc\u00edtite aj na jazyku<\/span><\/strong><br \/>\n<strong><span style=\"color: #003366;\">\u2022 \u010cist\u00e9 hlasivky \u2013 podr\u017ete sekundu v \u00fastach, a\u017e potom prehltnite<\/span><\/strong><br \/>\n<strong><span style=\"color: #003366;\">\u2022 Onkologick\u00ed pacienti \u2013 St\u00ed\u0161enie nepr\u00edjemn\u00fdch pocitov na slizniciach po o\u017eiaroch a chemoterapi\u00e1ch, zlep\u0161enie krvn\u00e9ho obrazu<\/span><\/strong><br \/>\n<strong><span style=\"color: #003366;\">\u2022 Zv\u00fd\u0161enie v\u00fdkonnosti pri \u0161porte<\/span><\/strong><\/p>\n<p><strong><span style=\"color: #003366;\">\u010eal\u0161ie pozit\u00edvne \u00fa\u010dinky:<\/span><\/strong><\/p>\n<p><strong><span style=\"color: #003366;\">antiaging \u00fa\u010dinky na ple\u0165<\/span><\/strong><br \/>\n<strong><span style=\"color: #003366;\">pr\u00edlev koncentr\u00e1cie, je vhodn\u00e1 pri \u0161of\u00e9rovan\u00ed<\/span><\/strong><br \/>\n<strong><span style=\"color: #003366;\">podpora mozgovej \u010dinnosti<\/span><\/strong><\/p>\n<p><strong><span style=\"color: #003366;\">Obsah kysl\u00edka:<\/span><\/strong><\/p>\n<p><strong><span style=\"color: #003366;\">Voda z koh\u00fatika 7 mg\/l<\/span><\/strong><br \/>\n<strong><span style=\"color: #003366;\">Pramenit\u00e9 vody z \u013eadovcov 9 mg mg\/l<\/span><\/strong><br \/>\n<strong><span style=\"color: #003366;\">Vody s obsahom CO2, miner\u00e1lmi, sladidlami, cukrom cca 15 mg\/l<\/span><\/strong><br \/>\n<strong><span style=\"color: #003366;\">Oxy water 2.0.medical 100 mg\/l<\/span><\/strong><\/p>\n<p><strong><span style=\"color: #003366;\">\u2022 Mineraliz\u00e1cia: TDS 147,3 mg\/l<\/span><\/strong><br \/>\n<strong><span style=\"color: #003366;\">\u2022 Ph: 7,43<\/span><\/strong><br \/>\n<strong><span style=\"color: #003366;\">\u2022 Kysl\u00edk: min 100 mg\/l patentom N.305574<\/span><\/strong><br \/>\n<strong><span style=\"color: #003366;\">\u2022 V\u017edy neperliv\u00e1, v\u017edy bez CO2<\/span><\/strong><br \/>\n<strong><span style=\"color: #003366;\">\u2022 Bez CUKROV, TAURINU, KOFEINU, SLADIDIEL, FARBIV A KONZERVANTOV<\/span><\/strong><\/p>\n<p>&nbsp;<\/p>\n","protected":false},"excerpt":{"rendered":"<p>Oxy Water 2.0 Medical je neperliv\u00e1 kysl\u00edkov\u00e1 voda s obsahom kysl\u00edka 100mg\/l Objem 24 x 250ml &nbsp; Oxy water 2.0<\/p>\n","protected":false},"featured_media":4236,"template":"","meta":[],"product_cat":[110],"product_tag":[],"_links":{"self":[{"href":"https:\/\/oxyaddict.eu\/oxywater\/wp-json\/wp\/v2\/product\/4234"}],"collection":[{"href":"https:\/\/oxyaddict.eu\/oxywater\/wp-json\/wp\/v2\/product"}],"about":[{"href":"https:\/\/oxyaddict.eu\/oxywater\/wp-json\/wp\/v2\/types\/product"}],"wp:featuredmedia":[{"embeddable":true,"href":"https:\/\/oxyaddict.eu\/oxywater\/wp-json\/wp\/v2\/media\/4236"}],"wp:attachment":[{"href":"https:\/\/oxyaddict.eu\/oxywater\/wp-json\/wp\/v2\/media?parent=4234"}],"wp:term":[{"taxonomy":"product_cat","embeddable":true,"href":"https:\/\/oxyaddict.eu\/oxywater\/wp-json\/wp\/v2\/product_cat?post=4234"},{"taxonomy":"product_tag","embeddable":true,"href":"https:\/\/oxyaddict.eu\/oxywater\/wp-json\/wp\/v2\/product_tag?post=4234"}],"curies":[{"name":"wp","href":"https:\/\/api.w.org\/{rel}","templated":true}]}}